{"id":391,"date":"2022-03-01T00:55:09","date_gmt":"2022-02-28T23:55:09","guid":{"rendered":"http:\/\/almed.home.pl\/almed\/?page_id=391"},"modified":"2026-02-24T12:07:37","modified_gmt":"2026-02-24T11:07:37","slug":"kontakt","status":"publish","type":"page","link":"https:\/\/almed.home.pl\/almed\/kontakt\/","title":{"rendered":"Kontakt"},"content":{"rendered":"\n<p class=\"has-text-align-center\"><strong>Niepubliczny Zak\u0142ad Opieki Zdrowotnej ALMED<\/strong><\/p>\n\n\n\n<p class=\"has-text-align-center\"><strong>Czynny w dni robocze:<\/strong> 07:00 &#8211; 18:00<\/p>\n\n\n\n<p class=\"has-text-align-center\"> ul. Dworcowa 14&nbsp;&nbsp;&nbsp;82-200 Malbork<\/p>\n\n\n\n<p class=\"has-text-align-center\"><img decoding=\"async\" src=\"http:\/\/www.almed.malbork.pl\/system\/data\/upimages\/tel.jpg\" alt=\"\"><strong>Rejestracja<\/strong>: tel: (55) 647-42-12 <\/p>\n\n\n\n<p class=\"has-text-align-center\"><img decoding=\"async\" src=\"http:\/\/www.almed.malbork.pl\/system\/data\/upimages\/tel.jpg\" alt=\"\"><strong>Adres E-mail<\/strong>: <a href=\"mailto:rejestracja@almed.malbork.pl\" title=\"\">rejestracja@almed.malbork.pl<\/a><\/p>\n\n\n\n<hr class=\"wp-block-separator has-css-opacity\"\/>\n\n\n\n<p class=\"has-text-align-center\"><strong>Poradnia Dzieci\u0119ca<\/strong>: tel: (55) 622-14-94 <img decoding=\"async\" src=\"http:\/\/www.almed.malbork.pl\/system\/data\/upimages\/tel.jpg\" alt=\"\"><\/p>\n\n\n\n<p class=\"has-text-align-center\">Rejestracja czynna od godz. 7.30<\/p>\n\n\n\n<p class=\"has-text-align-center\">ul. Dworcowa 2&nbsp;&nbsp;&nbsp;82-200 Malbork<\/p>\n\n\n\n<p class=\"has-text-align-center\"><img decoding=\"async\" src=\"http:\/\/www.almed.malbork.pl\/system\/data\/upimages\/tel.jpg\" alt=\"\"><strong>Adres E-mail<\/strong>: <a href=\"mailto:pediatra@almed.malbork.pl\" title=\"\">pediatra@almed<\/a><a href=\"mailto:pediatria@almed.malbork.pl\" title=\"\">.malbork.pl<\/a><\/p>\n\n\n\n<hr class=\"wp-block-separator has-css-opacity\"\/>\n\n\n\n<p class=\"has-text-align-center\"><strong>Stomatologia<\/strong>: tel: 516-180-692 <img decoding=\"async\" src=\"http:\/\/www.almed.malbork.pl\/system\/data\/upimages\/tel.jpg\" alt=\"\"><\/p>\n\n\n\n<p class=\"has-text-align-center\">ul. Dworcowa 15&nbsp;&nbsp;&nbsp;82-200 Malbork&nbsp;<\/p>\n\n\n\n<p class=\"has-text-align-center\"><img decoding=\"async\" src=\"http:\/\/www.almed.malbork.pl\/system\/data\/upimages\/tel.jpg\" alt=\"\"><strong>Adres E-mail<\/strong>: <a href=\"mailto:stomatologia@almed.malbork.pl\" title=\"\">stomatologia@almed.malbork.pl<\/a><\/p>\n\n\n\n<hr class=\"wp-block-separator has-css-opacity\"\/>\n\n\n\n<p class=\"has-text-align-center\"><strong>Ksi\u0119gowo\u015b\u0107<\/strong>: tel: (55) 647-43-34<\/p>\n\n\n\n<p class=\"has-text-align-center\"><strong>Fax<\/strong>: (55) 647-43-33<\/p>\n\n\n\n<p class=\"has-text-align-center\">ul. Dworcowa 15&nbsp;&nbsp;&nbsp;82-200 Malbork&nbsp;<\/p>\n\n\n\n<p class=\"has-text-align-center\"><img decoding=\"async\" src=\"http:\/\/www.almed.malbork.pl\/system\/data\/upimages\/tel.jpg\" alt=\"\"><strong>Adres E-mail<\/strong>: <a href=\"mailto:ksiegowosc@almed.malbork.pl\" title=\"\">ksiegowosc@almed.malbork.pl<\/a><\/p>\n\n\n\n<hr class=\"wp-block-separator has-css-opacity\"\/>\n\n\n\n<p class=\"has-text-align-center\"><strong>Niepubliczny Zak\u0142ad Opieki Zdrowotnej MEDICUS<\/strong> <\/p>\n\n\n\n<p class=\"has-text-align-center\"><strong>Czynny w dni robocze:<\/strong> 08:00 &#8211; 18:00<\/p>\n\n\n\n<p class=\"has-text-align-center\">ul. Sierakowskich 5&nbsp;&nbsp;&nbsp;82-400 Sztum<\/p>\n\n\n\n<p class=\"has-text-align-center\"><img decoding=\"async\" src=\"http:\/\/www.almed.malbork.pl\/system\/data\/upimages\/tel.jpg\" alt=\"\"><strong>Rejestracja<\/strong>: tel: (55) 277-80-70<\/p>\n\n\n\n<p class=\"has-text-align-center\"><img decoding=\"async\" src=\"http:\/\/www.almed.malbork.pl\/system\/data\/upimages\/tel.jpg\" alt=\"\"><strong>Adres E-mail<\/strong>: <a href=\"mailto:medicus@almed.malbork.pl\" title=\"\">medicus@almed.malbork.pl<\/a><\/p>\n","protected":false},"excerpt":{"rendered":"<p>Niepubliczny Zak\u0142ad Opieki Zdrowotnej ALMED Czynny w dni robocze: 07:00 &#8211; 18:00 ul. Dworcowa 14&nbsp;&nbsp;&nbsp;82-200 Malbork Rejestracja: tel: (55) 647-42-12 Adres E-mail: rejestracja@almed.malbork.pl Poradnia Dzieci\u0119ca: tel: (55) 622-14-94 Rejestracja czynna od godz. 7.30 ul. Dworcowa 2&nbsp;&nbsp;&nbsp;82-200 Malbork Adres E-mail: pediatra@almed.malbork.pl Stomatologia: tel: 516-180-692 ul. Dworcowa 15&nbsp;&nbsp;&nbsp;82-200 Malbork&nbsp; Adres E-mail: stomatologia@almed.malbork.pl Ksi\u0119gowo\u015b\u0107: tel: (55) 647-43-34 Fax: [&hellip;]<\/p>\n","protected":false},"author":3,"featured_media":0,"parent":0,"menu_order":0,"comment_status":"closed","ping_status":"closed","template":"","meta":{"ngg_post_thumbnail":0,"footnotes":""},"class_list":["post-391","page","type-page","status-publish","hentry"],"aioseo_notices":[],"_links":{"self":[{"href":"https:\/\/almed.home.pl\/almed\/wp-json\/wp\/v2\/pages\/391","targetHints":{"allow":["GET"]}}],"collection":[{"href":"https:\/\/almed.home.pl\/almed\/wp-json\/wp\/v2\/pages"}],"about":[{"href":"https:\/\/almed.home.pl\/almed\/wp-json\/wp\/v2\/types\/page"}],"author":[{"embeddable":true,"href":"https:\/\/almed.home.pl\/almed\/wp-json\/wp\/v2\/users\/3"}],"replies":[{"embeddable":true,"href":"https:\/\/almed.home.pl\/almed\/wp-json\/wp\/v2\/comments?post=391"}],"version-history":[{"count":19,"href":"https:\/\/almed.home.pl\/almed\/wp-json\/wp\/v2\/pages\/391\/revisions"}],"predecessor-version":[{"id":904,"href":"https:\/\/almed.home.pl\/almed\/wp-json\/wp\/v2\/pages\/391\/revisions\/904"}],"wp:attachment":[{"href":"https:\/\/almed.home.pl\/almed\/wp-json\/wp\/v2\/media?parent=391"}],"curies":[{"name":"wp","href":"https:\/\/api.w.org\/{rel}","templated":true}]}}